{"id":711,"date":"2020-08-01T16:46:41","date_gmt":"2020-08-01T14:46:41","guid":{"rendered":"https:\/\/bnbtskootje.nl\/?page_id=711"},"modified":"2020-08-01T16:47:07","modified_gmt":"2020-08-01T14:47:07","slug":"uber-uns","status":"publish","type":"page","link":"https:\/\/bnbtskootje.nl\/?page_id=711&lang=de","title":{"rendered":"\u00dcber uns"},"content":{"rendered":"\t\t<div data-elementor-type=\"wp-page\" data-elementor-id=\"711\" class=\"elementor elementor-711\">\n\t\t\t\t\t\t<section class=\"elementor-section elementor-top-section elementor-element elementor-element-7e6b5a9 elementor-section-boxed elementor-section-height-default elementor-section-height-default\" data-id=\"7e6b5a9\" data-element_type=\"section\" data-e-type=\"section\">\n\t\t\t\t\t\t<div class=\"elementor-container elementor-column-gap-default\">\n\t\t\t\t\t<div class=\"elementor-column elementor-col-100 elementor-top-column elementor-element elementor-element-47798cb\" data-id=\"47798cb\" data-element_type=\"column\" data-e-type=\"column\">\n\t\t\t<div class=\"elementor-widget-wrap elementor-element-populated\">\n\t\t\t\t\t\t<div class=\"elementor-element elementor-element-b5cf0a0 elementor-widget elementor-widget-text-editor\" data-id=\"b5cf0a0\" data-element_type=\"widget\" data-e-type=\"widget\" data-widget_type=\"text-editor.default\">\n\t\t\t\t<div class=\"elementor-widget-container\">\n\t\t\t\t\t\t\t\t\t<p><span class=\"TextRun SCXW80727348 BCX4\" lang=\"NL-NL\" xml:lang=\"NL-NL\" data-contrast=\"auto\"><span class=\"NormalTextRun SCXW80727348 BCX4\" data-ccp-parastyle=\"No Spacing\"><img fetchpriority=\"high\" decoding=\"async\" class=\"size-medium wp-image-413 aligncenter\" src=\"https:\/\/bnbtskootje.nl\/wp-content\/uploads\/2020\/06\/WhatsApp-Image-2020-06-17-at-22.11.20-300x169.jpeg\" alt=\"\" width=\"300\" height=\"169\" srcset=\"https:\/\/bnbtskootje.nl\/wp-content\/uploads\/2020\/06\/WhatsApp-Image-2020-06-17-at-22.11.20-300x169.jpeg 300w, https:\/\/bnbtskootje.nl\/wp-content\/uploads\/2020\/06\/WhatsApp-Image-2020-06-17-at-22.11.20-768x432.jpeg 768w, https:\/\/bnbtskootje.nl\/wp-content\/uploads\/2020\/06\/WhatsApp-Image-2020-06-17-at-22.11.20.jpeg 1024w\" sizes=\"(max-width: 300px) 100vw, 300px\" \/>Wir sind Monique und Piet Stroet und leben seit Sommer 2018 in Opperdoes. Nachdem unsere 4 Kinder ausgeflogen sind, leben wir mit unserem kleinen M\u00fcnsterl\u00e4nder Hajo und freuen uns sehr \u00fcber unser malerisches Haus an der Oosteinde. Wir haben zusammen ein komfortables G\u00e4stehaus geschaffen, so dass unsere Familie immer die M\u00f6glichkeit hat, \u00fcber Nacht zu bleiben. Jetzt, da die G\u00e4stehaus seit dem Fr\u00fchjahr 2020 fertig ist, m\u00f6chten wir allen die M\u00f6glichkeit geben, unseren sch\u00f6nen Platz in Opperdoes zu genie\u00dfen.<br \/><\/span><\/span><\/p>\t\t\t\t\t\t\t\t<\/div>\n\t\t\t\t<\/div>\n\t\t\t\t\t<\/div>\n\t\t<\/div>\n\t\t\t\t\t<\/div>\n\t\t<\/section>\n\t\t\t\t<\/div>\n\t\t","protected":false},"excerpt":{"rendered":"<p>Wir sind Monique und Piet Stroet und leben seit Sommer 2018 in Opperdoes. Nachdem unsere 4 Kinder ausgeflogen sind, leben wir mit unserem kleinen M\u00fcnsterl\u00e4nder Hajo und freuen uns sehr \u00fcber unser malerisches Haus an der Oosteinde. Wir haben zusammen ein komfortables G\u00e4stehaus geschaffen, so dass unsere Familie immer die M\u00f6glichkeit hat, \u00fcber Nacht zu bleiben. Jetzt, da die G\u00e4stehaus seit dem Fr\u00fchjahr 2020 fertig ist, m\u00f6chten wir allen die M\u00f6glichkeit geben, unseren sch\u00f6nen Platz in Opperdoes zu genie\u00dfen.<\/p>\n","protected":false},"author":1,"featured_media":413,"parent":0,"menu_order":0,"comment_status":"closed","ping_status":"closed","template":"","meta":{"_monsterinsights_skip_tracking":false,"_monsterinsights_sitenote_active":false,"_monsterinsights_sitenote_note":"","_monsterinsights_sitenote_category":0,"footnotes":""},"class_list":["post-711","page","type-page","status-publish","has-post-thumbnail","hentry"],"yoast_head":"<!-- This site is optimized with the Yoast SEO plugin v27.5 - https:\/\/yoast.com\/product\/yoast-seo-wordpress\/ -->\n<title>\u00dcber uns - B&amp;B &#039;t Sko\u00f4tje<\/title>\n<meta name=\"robots\" content=\"index, follow, max-snippet:-1, max-image-preview:large, max-video-preview:-1\" \/>\n<link rel=\"canonical\" href=\"https:\/\/bnbtskootje.nl\/?page_id=711&lang=de\" \/>\n<meta property=\"og:locale\" content=\"en_US\" \/>\n<meta property=\"og:type\" content=\"article\" \/>\n<meta property=\"og:title\" content=\"\u00dcber uns - B&amp;B &#039;t Sko\u00f4tje\" \/>\n<meta property=\"og:description\" content=\"Wir sind Monique und Piet Stroet und leben seit Sommer 2018 in Opperdoes. Nachdem unsere 4 Kinder ausgeflogen sind, leben wir mit unserem kleinen M\u00fcnsterl\u00e4nder Hajo und freuen uns sehr \u00fcber unser malerisches Haus an der Oosteinde. Wir haben zusammen ein komfortables G\u00e4stehaus geschaffen, so dass unsere Familie immer die M\u00f6glichkeit hat, \u00fcber Nacht zu bleiben. Jetzt, da die G\u00e4stehaus seit dem Fr\u00fchjahr 2020 fertig ist, m\u00f6chten wir allen die M\u00f6glichkeit geben, unseren sch\u00f6nen Platz in Opperdoes zu genie\u00dfen.\" \/>\n<meta property=\"og:url\" content=\"https:\/\/bnbtskootje.nl\/?page_id=711&amp;lang=de\" \/>\n<meta property=\"og:site_name\" content=\"B&amp;B &#039;t Sko\u00f4tje\" \/>\n<meta property=\"article:modified_time\" content=\"2020-08-01T14:47:07+00:00\" \/>\n<meta property=\"og:image\" content=\"https:\/\/bnbtskootje.nl\/wp-content\/uploads\/2020\/06\/WhatsApp-Image-2020-06-17-at-22.11.20.jpeg\" \/>\n\t<meta property=\"og:image:width\" content=\"1024\" \/>\n\t<meta property=\"og:image:height\" content=\"576\" \/>\n\t<meta property=\"og:image:type\" content=\"image\/jpeg\" \/>\n<meta name=\"twitter:card\" content=\"summary_large_image\" \/>\n<script type=\"application\/ld+json\" class=\"yoast-schema-graph\">{\"@context\":\"https:\\\/\\\/schema.org\",\"@graph\":[{\"@type\":\"WebPage\",\"@id\":\"https:\\\/\\\/bnbtskootje.nl\\\/?page_id=711&lang=de\",\"url\":\"https:\\\/\\\/bnbtskootje.nl\\\/?page_id=711&lang=de\",\"name\":\"\u00dcber uns - B&amp;B &#039;t Sko\u00f4tje\",\"isPartOf\":{\"@id\":\"https:\\\/\\\/bnbtskootje.nl\\\/#website\"},\"primaryImageOfPage\":{\"@id\":\"https:\\\/\\\/bnbtskootje.nl\\\/?page_id=711&lang=de#primaryimage\"},\"image\":{\"@id\":\"https:\\\/\\\/bnbtskootje.nl\\\/?page_id=711&lang=de#primaryimage\"},\"thumbnailUrl\":\"https:\\\/\\\/bnbtskootje.nl\\\/wp-content\\\/uploads\\\/2020\\\/06\\\/WhatsApp-Image-2020-06-17-at-22.11.20.jpeg\",\"datePublished\":\"2020-08-01T14:46:41+00:00\",\"dateModified\":\"2020-08-01T14:47:07+00:00\",\"breadcrumb\":{\"@id\":\"https:\\\/\\\/bnbtskootje.nl\\\/?page_id=711&lang=de#breadcrumb\"},\"inLanguage\":\"en-US\",\"potentialAction\":[{\"@type\":\"ReadAction\",\"target\":[\"https:\\\/\\\/bnbtskootje.nl\\\/?page_id=711&lang=de\"]}]},{\"@type\":\"ImageObject\",\"inLanguage\":\"en-US\",\"@id\":\"https:\\\/\\\/bnbtskootje.nl\\\/?page_id=711&lang=de#primaryimage\",\"url\":\"https:\\\/\\\/bnbtskootje.nl\\\/wp-content\\\/uploads\\\/2020\\\/06\\\/WhatsApp-Image-2020-06-17-at-22.11.20.jpeg\",\"contentUrl\":\"https:\\\/\\\/bnbtskootje.nl\\\/wp-content\\\/uploads\\\/2020\\\/06\\\/WhatsApp-Image-2020-06-17-at-22.11.20.jpeg\",\"width\":1024,\"height\":576},{\"@type\":\"BreadcrumbList\",\"@id\":\"https:\\\/\\\/bnbtskootje.nl\\\/?page_id=711&lang=de#breadcrumb\",\"itemListElement\":[{\"@type\":\"ListItem\",\"position\":1,\"name\":\"Home\",\"item\":\"https:\\\/\\\/bnbtskootje.nl\\\/\"},{\"@type\":\"ListItem\",\"position\":2,\"name\":\"\u00dcber uns\"}]},{\"@type\":\"WebSite\",\"@id\":\"https:\\\/\\\/bnbtskootje.nl\\\/#website\",\"url\":\"https:\\\/\\\/bnbtskootje.nl\\\/\",\"name\":\"B&B 't Sko\u00f4tje\",\"description\":\"\",\"publisher\":{\"@id\":\"https:\\\/\\\/bnbtskootje.nl\\\/#organization\"},\"potentialAction\":[{\"@type\":\"SearchAction\",\"target\":{\"@type\":\"EntryPoint\",\"urlTemplate\":\"https:\\\/\\\/bnbtskootje.nl\\\/?s={search_term_string}\"},\"query-input\":{\"@type\":\"PropertyValueSpecification\",\"valueRequired\":true,\"valueName\":\"search_term_string\"}}],\"inLanguage\":\"en-US\"},{\"@type\":\"Organization\",\"@id\":\"https:\\\/\\\/bnbtskootje.nl\\\/#organization\",\"name\":\"B&B 't Sko\u00f4tje\",\"url\":\"https:\\\/\\\/bnbtskootje.nl\\\/\",\"logo\":{\"@type\":\"ImageObject\",\"inLanguage\":\"en-US\",\"@id\":\"https:\\\/\\\/bnbtskootje.nl\\\/#\\\/schema\\\/logo\\\/image\\\/\",\"url\":\"https:\\\/\\\/bnbtskootje.nl\\\/wp-content\\\/uploads\\\/2020\\\/06\\\/rsz_output-onlinepngtools-4-e1593255432260.png\",\"contentUrl\":\"https:\\\/\\\/bnbtskootje.nl\\\/wp-content\\\/uploads\\\/2020\\\/06\\\/rsz_output-onlinepngtools-4-e1593255432260.png\",\"width\":300,\"height\":90,\"caption\":\"B&B 't Sko\u00f4tje\"},\"image\":{\"@id\":\"https:\\\/\\\/bnbtskootje.nl\\\/#\\\/schema\\\/logo\\\/image\\\/\"}}]}<\/script>\n<!-- \/ Yoast SEO plugin. -->","yoast_head_json":{"title":"\u00dcber uns - B&amp;B &#039;t Sko\u00f4tje","robots":{"index":"index","follow":"follow","max-snippet":"max-snippet:-1","max-image-preview":"max-image-preview:large","max-video-preview":"max-video-preview:-1"},"canonical":"https:\/\/bnbtskootje.nl\/?page_id=711&lang=de","og_locale":"en_US","og_type":"article","og_title":"\u00dcber uns - B&amp;B &#039;t Sko\u00f4tje","og_description":"Wir sind Monique und Piet Stroet und leben seit Sommer 2018 in Opperdoes. Nachdem unsere 4 Kinder ausgeflogen sind, leben wir mit unserem kleinen M\u00fcnsterl\u00e4nder Hajo und freuen uns sehr \u00fcber unser malerisches Haus an der Oosteinde. Wir haben zusammen ein komfortables G\u00e4stehaus geschaffen, so dass unsere Familie immer die M\u00f6glichkeit hat, \u00fcber Nacht zu bleiben. Jetzt, da die G\u00e4stehaus seit dem Fr\u00fchjahr 2020 fertig ist, m\u00f6chten wir allen die M\u00f6glichkeit geben, unseren sch\u00f6nen Platz in Opperdoes zu genie\u00dfen.","og_url":"https:\/\/bnbtskootje.nl\/?page_id=711&lang=de","og_site_name":"B&amp;B &#039;t Sko\u00f4tje","article_modified_time":"2020-08-01T14:47:07+00:00","og_image":[{"width":1024,"height":576,"url":"https:\/\/bnbtskootje.nl\/wp-content\/uploads\/2020\/06\/WhatsApp-Image-2020-06-17-at-22.11.20.jpeg","type":"image\/jpeg"}],"twitter_card":"summary_large_image","schema":{"@context":"https:\/\/schema.org","@graph":[{"@type":"WebPage","@id":"https:\/\/bnbtskootje.nl\/?page_id=711&lang=de","url":"https:\/\/bnbtskootje.nl\/?page_id=711&lang=de","name":"\u00dcber uns - B&amp;B &#039;t Sko\u00f4tje","isPartOf":{"@id":"https:\/\/bnbtskootje.nl\/#website"},"primaryImageOfPage":{"@id":"https:\/\/bnbtskootje.nl\/?page_id=711&lang=de#primaryimage"},"image":{"@id":"https:\/\/bnbtskootje.nl\/?page_id=711&lang=de#primaryimage"},"thumbnailUrl":"https:\/\/bnbtskootje.nl\/wp-content\/uploads\/2020\/06\/WhatsApp-Image-2020-06-17-at-22.11.20.jpeg","datePublished":"2020-08-01T14:46:41+00:00","dateModified":"2020-08-01T14:47:07+00:00","breadcrumb":{"@id":"https:\/\/bnbtskootje.nl\/?page_id=711&lang=de#breadcrumb"},"inLanguage":"en-US","potentialAction":[{"@type":"ReadAction","target":["https:\/\/bnbtskootje.nl\/?page_id=711&lang=de"]}]},{"@type":"ImageObject","inLanguage":"en-US","@id":"https:\/\/bnbtskootje.nl\/?page_id=711&lang=de#primaryimage","url":"https:\/\/bnbtskootje.nl\/wp-content\/uploads\/2020\/06\/WhatsApp-Image-2020-06-17-at-22.11.20.jpeg","contentUrl":"https:\/\/bnbtskootje.nl\/wp-content\/uploads\/2020\/06\/WhatsApp-Image-2020-06-17-at-22.11.20.jpeg","width":1024,"height":576},{"@type":"BreadcrumbList","@id":"https:\/\/bnbtskootje.nl\/?page_id=711&lang=de#breadcrumb","itemListElement":[{"@type":"ListItem","position":1,"name":"Home","item":"https:\/\/bnbtskootje.nl\/"},{"@type":"ListItem","position":2,"name":"\u00dcber uns"}]},{"@type":"WebSite","@id":"https:\/\/bnbtskootje.nl\/#website","url":"https:\/\/bnbtskootje.nl\/","name":"B&B 't Sko\u00f4tje","description":"","publisher":{"@id":"https:\/\/bnbtskootje.nl\/#organization"},"potentialAction":[{"@type":"SearchAction","target":{"@type":"EntryPoint","urlTemplate":"https:\/\/bnbtskootje.nl\/?s={search_term_string}"},"query-input":{"@type":"PropertyValueSpecification","valueRequired":true,"valueName":"search_term_string"}}],"inLanguage":"en-US"},{"@type":"Organization","@id":"https:\/\/bnbtskootje.nl\/#organization","name":"B&B 't Sko\u00f4tje","url":"https:\/\/bnbtskootje.nl\/","logo":{"@type":"ImageObject","inLanguage":"en-US","@id":"https:\/\/bnbtskootje.nl\/#\/schema\/logo\/image\/","url":"https:\/\/bnbtskootje.nl\/wp-content\/uploads\/2020\/06\/rsz_output-onlinepngtools-4-e1593255432260.png","contentUrl":"https:\/\/bnbtskootje.nl\/wp-content\/uploads\/2020\/06\/rsz_output-onlinepngtools-4-e1593255432260.png","width":300,"height":90,"caption":"B&B 't Sko\u00f4tje"},"image":{"@id":"https:\/\/bnbtskootje.nl\/#\/schema\/logo\/image\/"}}]}},"_links":{"self":[{"href":"https:\/\/bnbtskootje.nl\/index.php?rest_route=\/wp\/v2\/pages\/711","targetHints":{"allow":["GET"]}}],"collection":[{"href":"https:\/\/bnbtskootje.nl\/index.php?rest_route=\/wp\/v2\/pages"}],"about":[{"href":"https:\/\/bnbtskootje.nl\/index.php?rest_route=\/wp\/v2\/types\/page"}],"author":[{"embeddable":true,"href":"https:\/\/bnbtskootje.nl\/index.php?rest_route=\/wp\/v2\/users\/1"}],"replies":[{"embeddable":true,"href":"https:\/\/bnbtskootje.nl\/index.php?rest_route=%2Fwp%2Fv2%2Fcomments&post=711"}],"version-history":[{"count":3,"href":"https:\/\/bnbtskootje.nl\/index.php?rest_route=\/wp\/v2\/pages\/711\/revisions"}],"predecessor-version":[{"id":714,"href":"https:\/\/bnbtskootje.nl\/index.php?rest_route=\/wp\/v2\/pages\/711\/revisions\/714"}],"wp:featuredmedia":[{"embeddable":true,"href":"https:\/\/bnbtskootje.nl\/index.php?rest_route=\/wp\/v2\/media\/413"}],"wp:attachment":[{"href":"https:\/\/bnbtskootje.nl\/index.php?rest_route=%2Fwp%2Fv2%2Fmedia&parent=711"}],"curies":[{"name":"wp","href":"https:\/\/api.w.org\/{rel}","templated":true}]}}