{"id":705,"date":"2020-08-01T16:29:45","date_gmt":"2020-08-01T14:29:45","guid":{"rendered":"https:\/\/bnbtskootje.nl\/?page_id=705"},"modified":"2022-01-15T18:18:03","modified_gmt":"2022-01-15T16:18:03","slug":"der-unterkunft","status":"publish","type":"page","link":"https:\/\/bnbtskootje.nl\/?page_id=705&lang=de","title":{"rendered":"Der Unterkunft"},"content":{"rendered":"\t\t<div data-elementor-type=\"wp-page\" data-elementor-id=\"705\" class=\"elementor elementor-705\">\n\t\t\t\t\t\t<section class=\"elementor-section elementor-top-section elementor-element elementor-element-f88dde elementor-section-stretched elementor-section-boxed elementor-section-height-default elementor-section-height-default\" data-id=\"f88dde\" data-element_type=\"section\" data-e-type=\"section\" data-settings=\"{&quot;stretch_section&quot;:&quot;section-stretched&quot;}\">\n\t\t\t\t\t\t<div class=\"elementor-container elementor-column-gap-default\">\n\t\t\t\t\t<div class=\"elementor-column elementor-col-100 elementor-top-column elementor-element elementor-element-3b055a6b\" data-id=\"3b055a6b\" data-element_type=\"column\" data-e-type=\"column\">\n\t\t\t<div class=\"elementor-widget-wrap elementor-element-populated\">\n\t\t\t\t\t\t<div class=\"elementor-element elementor-element-40fa5a0d elementor-widget elementor-widget-text-editor\" data-id=\"40fa5a0d\" data-element_type=\"widget\" data-e-type=\"widget\" data-widget_type=\"text-editor.default\">\n\t\t\t\t<div class=\"elementor-widget-container\">\n\t\t\t\t\t\t\t\t\t<p><\/p>\n<p>Das B &amp; B &#8216;t Sko\u00f4tje hat einen eigenen Eingang. \u00dcber eine Treppe betreten Sie einen ger\u00e4umigen Funktionsraum. Die Sitzecke mit TV befindet sich neben einem Schlagzeug, das diesem Raum eine ganz eigene Atmosph\u00e4re verleiht. Neben dem Esstisch befindet sich eine Kochnische mit K\u00fchlschrank, Wasserkocher und Kaffeemaschine. Dieses Zimmer verf\u00fcgt \u00fcber ein Doppel-Boxspringbett, dessen Betten auch auseinandergestellt werden k\u00f6nnen.<br>Das angrenzende separate Schlafzimmer verf\u00fcgt \u00fcber 2 Einzelbetten. Im Schlafzimmer befindet sich der Eingang zum Badezimmer mit Waschbecken, Duschkabine und Toilette.<\/p>\n<p><strong>Lokalen Produkten.<\/strong><br>Am Morgen k\u00f6nnen Sie unser reichhaltiges Fr\u00fchst\u00fcck genie\u00dfen. Wir verw\u00f6hnen Sie mit lokalen Produkten und Eiern von den H\u00fchnern, die Sie beim Aufwachen gackern h\u00f6ren. Machen Sie eine sch\u00f6ne Tasse Tee mit Honig vom Imker auf der anderen Stra\u00dfenseite. Und\u2026. Nat\u00fcrlich fehlen die Sko\u00f4tjes nicht.<\/p>\n<p><strong>Wenn das Wetter nicht so sch\u00f6n ist.<\/strong><br>In beiden Zimmern befindet sich ein B\u00fccherregal und bei Regen stehen viele Brettspiele zur Verf\u00fcgung. Mit anderen Worten, genie\u00dfen Sie eine Partie Schach oder eine Partie Shuffleboard.<\/p>\n<p><strong>Einrichtungen in der N\u00e4he.<br><\/strong>W\u00e4hrend der Sommersaison k\u00f6nnen Sie das Pfannkuchenrestaurant auf der anderen Stra\u00dfenseite zum Mittag- oder Abendessen besuchen.<\/p>\n<p>Es gibt zwei Superm\u00e4rkte in der N\u00e4he und eine gro\u00dfe Auswahl an Restaurants, Bars und Gesch\u00e4ften in Medemblik.<\/p>\n<figure><\/figure>\n<p><\/p>\t\t\t\t\t\t\t\t<\/div>\n\t\t\t\t<\/div>\n\t\t\t\t\t<\/div>\n\t\t<\/div>\n\t\t\t\t\t<\/div>\n\t\t<\/section>\n\t\t\t\t<section class=\"elementor-section elementor-top-section elementor-element elementor-element-c91a28a elementor-section-boxed elementor-section-height-default elementor-section-height-default\" data-id=\"c91a28a\" data-element_type=\"section\" data-e-type=\"section\">\n\t\t\t\t\t\t<div class=\"elementor-container elementor-column-gap-default\">\n\t\t\t\t\t<div class=\"elementor-column elementor-col-100 elementor-top-column elementor-element elementor-element-3b403f0\" data-id=\"3b403f0\" data-element_type=\"column\" data-e-type=\"column\">\n\t\t\t<div class=\"elementor-widget-wrap elementor-element-populated\">\n\t\t\t\t\t\t<div class=\"elementor-element elementor-element-9dabd0c elementor-arrows-position-inside elementor-pagination-position-outside elementor-widget elementor-widget-image-carousel\" data-id=\"9dabd0c\" data-element_type=\"widget\" data-e-type=\"widget\" data-settings=\"{&quot;navigation&quot;:&quot;both&quot;,&quot;autoplay&quot;:&quot;yes&quot;,&quot;pause_on_hover&quot;:&quot;yes&quot;,&quot;pause_on_interaction&quot;:&quot;yes&quot;,&quot;autoplay_speed&quot;:5000,&quot;infinite&quot;:&quot;yes&quot;,&quot;speed&quot;:500}\" data-widget_type=\"image-carousel.default\">\n\t\t\t\t<div class=\"elementor-widget-container\">\n\t\t\t\t\t\t\t<div class=\"elementor-image-carousel-wrapper swiper\" role=\"region\" aria-roledescription=\"carousel\" aria-label=\"Bild Karussell\" dir=\"ltr\">\n\t\t\t<div class=\"elementor-image-carousel swiper-wrapper swiper-image-stretch\" aria-live=\"off\">\n\t\t\t\t\t\t\t\t<div class=\"swiper-slide\" role=\"group\" aria-roledescription=\"slide\" aria-label=\"1 von 13\"><figure class=\"swiper-slide-inner\"><img decoding=\"async\" class=\"swiper-slide-image\" src=\"https:\/\/bnbtskootje.nl\/wp-content\/uploads\/2020\/07\/20200716_095937-2-400x350.jpg\" alt=\"Breakfast\" \/><\/figure><\/div><div class=\"swiper-slide\" role=\"group\" aria-roledescription=\"slide\" aria-label=\"2 von 13\"><figure class=\"swiper-slide-inner\"><img decoding=\"async\" class=\"swiper-slide-image\" src=\"https:\/\/bnbtskootje.nl\/wp-content\/uploads\/2020\/06\/20200625_201051-scaled.jpg\" alt=\"to everybody\" \/><\/figure><\/div><div class=\"swiper-slide\" role=\"group\" aria-roledescription=\"slide\" aria-label=\"3 von 13\"><figure class=\"swiper-slide-inner\"><img decoding=\"async\" class=\"swiper-slide-image\" src=\"https:\/\/bnbtskootje.nl\/wp-content\/uploads\/2020\/06\/MG_0417-1-scaled.jpg\" alt=\"A lot of space\" \/><\/figure><\/div><div class=\"swiper-slide\" role=\"group\" aria-roledescription=\"slide\" aria-label=\"4 von 13\"><figure class=\"swiper-slide-inner\"><img decoding=\"async\" class=\"swiper-slide-image\" src=\"https:\/\/bnbtskootje.nl\/wp-content\/uploads\/2020\/06\/20200625_192920-400x350.jpg\" alt=\"Up to the second floor\" \/><\/figure><\/div><div class=\"swiper-slide\" role=\"group\" aria-roledescription=\"slide\" aria-label=\"5 von 13\"><figure class=\"swiper-slide-inner\"><img decoding=\"async\" class=\"swiper-slide-image\" src=\"https:\/\/bnbtskootje.nl\/wp-content\/uploads\/2020\/06\/20200625_195330-scaled.jpg\" alt=\"Sleep well\" \/><\/figure><\/div><div class=\"swiper-slide\" role=\"group\" aria-roledescription=\"slide\" aria-label=\"6 von 13\"><figure class=\"swiper-slide-inner\"><img decoding=\"async\" class=\"swiper-slide-image\" src=\"https:\/\/bnbtskootje.nl\/wp-content\/uploads\/2020\/06\/20200625_193231-1-scaled.jpg\" alt=\"Lets play chess\" \/><\/figure><\/div><div class=\"swiper-slide\" role=\"group\" aria-roledescription=\"slide\" aria-label=\"7 von 13\"><figure class=\"swiper-slide-inner\"><img decoding=\"async\" class=\"swiper-slide-image\" src=\"https:\/\/bnbtskootje.nl\/wp-content\/uploads\/2020\/06\/20200625_194156-400x350.jpg\" alt=\"Great shower\" \/><\/figure><\/div><div class=\"swiper-slide\" role=\"group\" aria-roledescription=\"slide\" aria-label=\"8 von 13\"><figure class=\"swiper-slide-inner\"><img decoding=\"async\" class=\"swiper-slide-image\" src=\"https:\/\/bnbtskootje.nl\/wp-content\/uploads\/2020\/06\/20200625_194314-400x350.jpg\" alt=\"Bathroom\" \/><\/figure><\/div><div class=\"swiper-slide\" role=\"group\" aria-roledescription=\"slide\" aria-label=\"9 von 13\"><figure class=\"swiper-slide-inner\"><img decoding=\"async\" class=\"swiper-slide-image\" src=\"https:\/\/bnbtskootje.nl\/wp-content\/uploads\/2020\/06\/20200625_200714-400x350.jpg\" alt=\"Kitchenette\" \/><\/figure><\/div><div class=\"swiper-slide\" role=\"group\" aria-roledescription=\"slide\" aria-label=\"10 von 13\"><figure class=\"swiper-slide-inner\"><img decoding=\"async\" class=\"swiper-slide-image\" src=\"https:\/\/bnbtskootje.nl\/wp-content\/uploads\/2020\/06\/20200625_200602-400x350.jpg\" alt=\"Nice cup of tea\" \/><\/figure><\/div><div class=\"swiper-slide\" role=\"group\" aria-roledescription=\"slide\" aria-label=\"11 von 13\"><figure class=\"swiper-slide-inner\"><img decoding=\"async\" class=\"swiper-slide-image\" src=\"https:\/\/bnbtskootje.nl\/wp-content\/uploads\/2020\/07\/20200716_100247-2-400x350.jpg\" alt=\"Do I see a drum kit?\" \/><\/figure><\/div><div class=\"swiper-slide\" role=\"group\" aria-roledescription=\"slide\" aria-label=\"12 von 13\"><figure class=\"swiper-slide-inner\"><img decoding=\"async\" class=\"swiper-slide-image\" src=\"https:\/\/bnbtskootje.nl\/wp-content\/uploads\/2020\/07\/20200714_161617-400x350.jpg\" alt=\"Living room\" \/><\/figure><\/div><div class=\"swiper-slide\" role=\"group\" aria-roledescription=\"slide\" aria-label=\"13 von 13\"><figure class=\"swiper-slide-inner\"><img decoding=\"async\" class=\"swiper-slide-image\" src=\"https:\/\/bnbtskootje.nl\/wp-content\/uploads\/2020\/06\/WhatsApp-Image-2020-06-17-at-22.08.30-400x350.jpeg\" alt=\"Picturesque spot\" \/><\/figure><\/div>\t\t\t<\/div>\n\t\t\t\t\t\t\t\t\t\t\t\t<div class=\"elementor-swiper-button elementor-swiper-button-prev\" role=\"button\" tabindex=\"0\">\n\t\t\t\t\t\t<i aria-hidden=\"true\" class=\"eicon-chevron-left\"><\/i>\t\t\t\t\t<\/div>\n\t\t\t\t\t<div class=\"elementor-swiper-button elementor-swiper-button-next\" role=\"button\" tabindex=\"0\">\n\t\t\t\t\t\t<i aria-hidden=\"true\" class=\"eicon-chevron-right\"><\/i>\t\t\t\t\t<\/div>\n\t\t\t\t\n\t\t\t\t\t\t\t\t\t<div class=\"swiper-pagination\"><\/div>\n\t\t\t\t\t\t\t\t\t<\/div>\n\t\t\t\t\t\t<\/div>\n\t\t\t\t<\/div>\n\t\t\t\t\t<\/div>\n\t\t<\/div>\n\t\t\t\t\t<\/div>\n\t\t<\/section>\n\t\t\t\t<\/div>\n\t\t","protected":false},"excerpt":{"rendered":"<p>Unser ger\u00e4umiges und komfortables G\u00e4stehaus befindet sich im ersten Stock der Scheune hinter unserem Haus. \u2018t Sko\u00f4tje ist f\u00fcr 1 bis 4 Personen geeignet und besteht aus einem ger\u00e4umigen Wohn- Schlafzimmer mit Kochnische, Esstisch und einer gem\u00fctlichen Sitzecke mit einem separaten Schlafzimmer und einem Badezimmer.<br \/>\nDas B &#038; B \u201ct Sko\u00f4tje ist eine rauchfreie Unterkunft. Haustiere sind in Absprache willkommen.<\/p>\n","protected":false},"author":1,"featured_media":634,"parent":0,"menu_order":0,"comment_status":"closed","ping_status":"closed","template":"","meta":{"_monsterinsights_skip_tracking":false,"_monsterinsights_sitenote_active":false,"_monsterinsights_sitenote_note":"","_monsterinsights_sitenote_category":0,"footnotes":""},"class_list":["post-705","page","type-page","status-publish","has-post-thumbnail","hentry"],"yoast_head":"<!-- This site is optimized with the Yoast SEO plugin v27.6 - https:\/\/yoast.com\/product\/yoast-seo-wordpress\/ -->\n<title>Der Unterkunft - B&amp;B &#039;t Sko\u00f4tje<\/title>\n<meta name=\"description\" content=\"Ons ruime en comfortabele gastenverblijf is geschikt voor 1 tot 4 personen en bestaat uit een ruime woon\/slaapkamer incl. keukenblokje, eettafel, een gezellige zithoek, met een aparte slaapkamer en badkamer.\" \/>\n<meta name=\"robots\" content=\"index, follow, max-snippet:-1, max-image-preview:large, max-video-preview:-1\" \/>\n<link rel=\"canonical\" href=\"https:\/\/bnbtskootje.nl\/?page_id=705&lang=de\" \/>\n<meta property=\"og:locale\" content=\"en_US\" \/>\n<meta property=\"og:type\" content=\"article\" \/>\n<meta property=\"og:title\" content=\"Der Unterkunft - B&amp;B &#039;t Sko\u00f4tje\" \/>\n<meta property=\"og:description\" content=\"Ons ruime en comfortabele gastenverblijf is geschikt voor 1 tot 4 personen en bestaat uit een ruime woon\/slaapkamer incl. keukenblokje, eettafel, een gezellige zithoek, met een aparte slaapkamer en badkamer.\" \/>\n<meta property=\"og:url\" content=\"https:\/\/bnbtskootje.nl\/?page_id=705&amp;lang=de\" \/>\n<meta property=\"og:site_name\" content=\"B&amp;B &#039;t Sko\u00f4tje\" \/>\n<meta property=\"article:modified_time\" content=\"2022-01-15T16:18:03+00:00\" \/>\n<meta property=\"og:image\" content=\"https:\/\/bnbtskootje.nl\/wp-content\/uploads\/2020\/07\/20200714_161617-scaled.jpg\" \/>\n\t<meta property=\"og:image:width\" content=\"2560\" \/>\n\t<meta property=\"og:image:height\" content=\"1182\" \/>\n\t<meta property=\"og:image:type\" content=\"image\/jpeg\" \/>\n<meta name=\"twitter:card\" content=\"summary_large_image\" \/>\n<meta name=\"twitter:label1\" content=\"Est. reading time\" \/>\n\t<meta name=\"twitter:data1\" content=\"5 minutes\" \/>\n<script type=\"application\/ld+json\" class=\"yoast-schema-graph\">{\"@context\":\"https:\\\/\\\/schema.org\",\"@graph\":[{\"@type\":\"WebPage\",\"@id\":\"https:\\\/\\\/bnbtskootje.nl\\\/?page_id=705&lang=de\",\"url\":\"https:\\\/\\\/bnbtskootje.nl\\\/?page_id=705&lang=de\",\"name\":\"Der Unterkunft - B&amp;B &#039;t Sko\u00f4tje\",\"isPartOf\":{\"@id\":\"https:\\\/\\\/bnbtskootje.nl\\\/#website\"},\"primaryImageOfPage\":{\"@id\":\"https:\\\/\\\/bnbtskootje.nl\\\/?page_id=705&lang=de#primaryimage\"},\"image\":{\"@id\":\"https:\\\/\\\/bnbtskootje.nl\\\/?page_id=705&lang=de#primaryimage\"},\"thumbnailUrl\":\"https:\\\/\\\/bnbtskootje.nl\\\/wp-content\\\/uploads\\\/2020\\\/07\\\/20200714_161617-scaled.jpg\",\"datePublished\":\"2020-08-01T14:29:45+00:00\",\"dateModified\":\"2022-01-15T16:18:03+00:00\",\"description\":\"Ons ruime en comfortabele gastenverblijf is geschikt voor 1 tot 4 personen en bestaat uit een ruime woon\\\/slaapkamer incl. keukenblokje, eettafel, een gezellige zithoek, met een aparte slaapkamer en badkamer.\",\"breadcrumb\":{\"@id\":\"https:\\\/\\\/bnbtskootje.nl\\\/?page_id=705&lang=de#breadcrumb\"},\"inLanguage\":\"en-US\",\"potentialAction\":[{\"@type\":\"ReadAction\",\"target\":[\"https:\\\/\\\/bnbtskootje.nl\\\/?page_id=705&lang=de\"]}]},{\"@type\":\"ImageObject\",\"inLanguage\":\"en-US\",\"@id\":\"https:\\\/\\\/bnbtskootje.nl\\\/?page_id=705&lang=de#primaryimage\",\"url\":\"https:\\\/\\\/bnbtskootje.nl\\\/wp-content\\\/uploads\\\/2020\\\/07\\\/20200714_161617-scaled.jpg\",\"contentUrl\":\"https:\\\/\\\/bnbtskootje.nl\\\/wp-content\\\/uploads\\\/2020\\\/07\\\/20200714_161617-scaled.jpg\",\"width\":2560,\"height\":1182,\"caption\":\"Living room\"},{\"@type\":\"BreadcrumbList\",\"@id\":\"https:\\\/\\\/bnbtskootje.nl\\\/?page_id=705&lang=de#breadcrumb\",\"itemListElement\":[{\"@type\":\"ListItem\",\"position\":1,\"name\":\"Home\",\"item\":\"https:\\\/\\\/bnbtskootje.nl\\\/\"},{\"@type\":\"ListItem\",\"position\":2,\"name\":\"Der Unterkunft\"}]},{\"@type\":\"WebSite\",\"@id\":\"https:\\\/\\\/bnbtskootje.nl\\\/#website\",\"url\":\"https:\\\/\\\/bnbtskootje.nl\\\/\",\"name\":\"B&B 't Sko\u00f4tje\",\"description\":\"\",\"publisher\":{\"@id\":\"https:\\\/\\\/bnbtskootje.nl\\\/#organization\"},\"potentialAction\":[{\"@type\":\"SearchAction\",\"target\":{\"@type\":\"EntryPoint\",\"urlTemplate\":\"https:\\\/\\\/bnbtskootje.nl\\\/?s={search_term_string}\"},\"query-input\":{\"@type\":\"PropertyValueSpecification\",\"valueRequired\":true,\"valueName\":\"search_term_string\"}}],\"inLanguage\":\"en-US\"},{\"@type\":\"Organization\",\"@id\":\"https:\\\/\\\/bnbtskootje.nl\\\/#organization\",\"name\":\"B&B 't Sko\u00f4tje\",\"url\":\"https:\\\/\\\/bnbtskootje.nl\\\/\",\"logo\":{\"@type\":\"ImageObject\",\"inLanguage\":\"en-US\",\"@id\":\"https:\\\/\\\/bnbtskootje.nl\\\/#\\\/schema\\\/logo\\\/image\\\/\",\"url\":\"https:\\\/\\\/bnbtskootje.nl\\\/wp-content\\\/uploads\\\/2020\\\/06\\\/rsz_output-onlinepngtools-4-e1593255432260.png\",\"contentUrl\":\"https:\\\/\\\/bnbtskootje.nl\\\/wp-content\\\/uploads\\\/2020\\\/06\\\/rsz_output-onlinepngtools-4-e1593255432260.png\",\"width\":300,\"height\":90,\"caption\":\"B&B 't Sko\u00f4tje\"},\"image\":{\"@id\":\"https:\\\/\\\/bnbtskootje.nl\\\/#\\\/schema\\\/logo\\\/image\\\/\"}}]}<\/script>\n<!-- \/ Yoast SEO plugin. -->","yoast_head_json":{"title":"Der Unterkunft - B&amp;B &#039;t Sko\u00f4tje","description":"Ons ruime en comfortabele gastenverblijf is geschikt voor 1 tot 4 personen en bestaat uit een ruime woon\/slaapkamer incl. keukenblokje, eettafel, een gezellige zithoek, met een aparte slaapkamer en badkamer.","robots":{"index":"index","follow":"follow","max-snippet":"max-snippet:-1","max-image-preview":"max-image-preview:large","max-video-preview":"max-video-preview:-1"},"canonical":"https:\/\/bnbtskootje.nl\/?page_id=705&lang=de","og_locale":"en_US","og_type":"article","og_title":"Der Unterkunft - B&amp;B &#039;t Sko\u00f4tje","og_description":"Ons ruime en comfortabele gastenverblijf is geschikt voor 1 tot 4 personen en bestaat uit een ruime woon\/slaapkamer incl. keukenblokje, eettafel, een gezellige zithoek, met een aparte slaapkamer en badkamer.","og_url":"https:\/\/bnbtskootje.nl\/?page_id=705&lang=de","og_site_name":"B&amp;B &#039;t Sko\u00f4tje","article_modified_time":"2022-01-15T16:18:03+00:00","og_image":[{"width":2560,"height":1182,"url":"https:\/\/bnbtskootje.nl\/wp-content\/uploads\/2020\/07\/20200714_161617-scaled.jpg","type":"image\/jpeg"}],"twitter_card":"summary_large_image","twitter_misc":{"Est. reading time":"5 minutes"},"schema":{"@context":"https:\/\/schema.org","@graph":[{"@type":"WebPage","@id":"https:\/\/bnbtskootje.nl\/?page_id=705&lang=de","url":"https:\/\/bnbtskootje.nl\/?page_id=705&lang=de","name":"Der Unterkunft - B&amp;B &#039;t Sko\u00f4tje","isPartOf":{"@id":"https:\/\/bnbtskootje.nl\/#website"},"primaryImageOfPage":{"@id":"https:\/\/bnbtskootje.nl\/?page_id=705&lang=de#primaryimage"},"image":{"@id":"https:\/\/bnbtskootje.nl\/?page_id=705&lang=de#primaryimage"},"thumbnailUrl":"https:\/\/bnbtskootje.nl\/wp-content\/uploads\/2020\/07\/20200714_161617-scaled.jpg","datePublished":"2020-08-01T14:29:45+00:00","dateModified":"2022-01-15T16:18:03+00:00","description":"Ons ruime en comfortabele gastenverblijf is geschikt voor 1 tot 4 personen en bestaat uit een ruime woon\/slaapkamer incl. keukenblokje, eettafel, een gezellige zithoek, met een aparte slaapkamer en badkamer.","breadcrumb":{"@id":"https:\/\/bnbtskootje.nl\/?page_id=705&lang=de#breadcrumb"},"inLanguage":"en-US","potentialAction":[{"@type":"ReadAction","target":["https:\/\/bnbtskootje.nl\/?page_id=705&lang=de"]}]},{"@type":"ImageObject","inLanguage":"en-US","@id":"https:\/\/bnbtskootje.nl\/?page_id=705&lang=de#primaryimage","url":"https:\/\/bnbtskootje.nl\/wp-content\/uploads\/2020\/07\/20200714_161617-scaled.jpg","contentUrl":"https:\/\/bnbtskootje.nl\/wp-content\/uploads\/2020\/07\/20200714_161617-scaled.jpg","width":2560,"height":1182,"caption":"Living room"},{"@type":"BreadcrumbList","@id":"https:\/\/bnbtskootje.nl\/?page_id=705&lang=de#breadcrumb","itemListElement":[{"@type":"ListItem","position":1,"name":"Home","item":"https:\/\/bnbtskootje.nl\/"},{"@type":"ListItem","position":2,"name":"Der Unterkunft"}]},{"@type":"WebSite","@id":"https:\/\/bnbtskootje.nl\/#website","url":"https:\/\/bnbtskootje.nl\/","name":"B&B 't Sko\u00f4tje","description":"","publisher":{"@id":"https:\/\/bnbtskootje.nl\/#organization"},"potentialAction":[{"@type":"SearchAction","target":{"@type":"EntryPoint","urlTemplate":"https:\/\/bnbtskootje.nl\/?s={search_term_string}"},"query-input":{"@type":"PropertyValueSpecification","valueRequired":true,"valueName":"search_term_string"}}],"inLanguage":"en-US"},{"@type":"Organization","@id":"https:\/\/bnbtskootje.nl\/#organization","name":"B&B 't Sko\u00f4tje","url":"https:\/\/bnbtskootje.nl\/","logo":{"@type":"ImageObject","inLanguage":"en-US","@id":"https:\/\/bnbtskootje.nl\/#\/schema\/logo\/image\/","url":"https:\/\/bnbtskootje.nl\/wp-content\/uploads\/2020\/06\/rsz_output-onlinepngtools-4-e1593255432260.png","contentUrl":"https:\/\/bnbtskootje.nl\/wp-content\/uploads\/2020\/06\/rsz_output-onlinepngtools-4-e1593255432260.png","width":300,"height":90,"caption":"B&B 't Sko\u00f4tje"},"image":{"@id":"https:\/\/bnbtskootje.nl\/#\/schema\/logo\/image\/"}}]}},"_links":{"self":[{"href":"https:\/\/bnbtskootje.nl\/index.php?rest_route=\/wp\/v2\/pages\/705","targetHints":{"allow":["GET"]}}],"collection":[{"href":"https:\/\/bnbtskootje.nl\/index.php?rest_route=\/wp\/v2\/pages"}],"about":[{"href":"https:\/\/bnbtskootje.nl\/index.php?rest_route=\/wp\/v2\/types\/page"}],"author":[{"embeddable":true,"href":"https:\/\/bnbtskootje.nl\/index.php?rest_route=\/wp\/v2\/users\/1"}],"replies":[{"embeddable":true,"href":"https:\/\/bnbtskootje.nl\/index.php?rest_route=%2Fwp%2Fv2%2Fcomments&post=705"}],"version-history":[{"count":8,"href":"https:\/\/bnbtskootje.nl\/index.php?rest_route=\/wp\/v2\/pages\/705\/revisions"}],"predecessor-version":[{"id":911,"href":"https:\/\/bnbtskootje.nl\/index.php?rest_route=\/wp\/v2\/pages\/705\/revisions\/911"}],"wp:featuredmedia":[{"embeddable":true,"href":"https:\/\/bnbtskootje.nl\/index.php?rest_route=\/wp\/v2\/media\/634"}],"wp:attachment":[{"href":"https:\/\/bnbtskootje.nl\/index.php?rest_route=%2Fwp%2Fv2%2Fmedia&parent=705"}],"curies":[{"name":"wp","href":"https:\/\/api.w.org\/{rel}","templated":true}]}}