{"id":701,"date":"2020-08-01T16:26:15","date_gmt":"2020-08-01T14:26:15","guid":{"rendered":"https:\/\/bnbtskootje.nl\/?page_id=701"},"modified":"2020-08-03T16:59:15","modified_gmt":"2020-08-03T14:59:15","slug":"willkommen-im-b-b-t-skootje","status":"publish","type":"page","link":"https:\/\/bnbtskootje.nl\/?page_id=701&lang=de","title":{"rendered":"Willkommen im B &#038; B &#8216;t Sko\u00f4tje"},"content":{"rendered":"\t\t<div data-elementor-type=\"wp-page\" data-elementor-id=\"701\" class=\"elementor elementor-701\">\n\t\t\t\t\t\t<section class=\"elementor-section elementor-top-section elementor-element elementor-element-146b9a5f elementor-section-boxed elementor-section-height-default elementor-section-height-default\" data-id=\"146b9a5f\" data-element_type=\"section\" data-e-type=\"section\">\n\t\t\t\t\t\t<div class=\"elementor-container elementor-column-gap-default\">\n\t\t\t\t\t<div class=\"elementor-column elementor-col-100 elementor-top-column elementor-element elementor-element-253c136f\" data-id=\"253c136f\" data-element_type=\"column\" data-e-type=\"column\">\n\t\t\t<div class=\"elementor-widget-wrap elementor-element-populated\">\n\t\t\t\t\t\t<div class=\"elementor-element elementor-element-2efb6b01 elementor-widget elementor-widget-text-editor\" data-id=\"2efb6b01\" data-element_type=\"widget\" data-e-type=\"widget\" data-widget_type=\"text-editor.default\">\n\t\t\t\t<div class=\"elementor-widget-container\">\n\t\t\t\t\t\t\t\t\t<p><span style=\"color: #000000;\"><strong>Willkommen im B &amp; B &#8216;t Sko\u00f4tje.<\/strong><br>Unser B &amp; B, in dem wir Sie gastfreundlich empfangen, befindet sich in Opperdoes, einem Juwel in Westfriesland. Alles atmet die Atmosph\u00e4re dieser Region. Nostalgische Stra\u00dfen und Kan\u00e4le, pyramidenf\u00f6rmige Bauernh\u00f6fe und Br\u00fccken, damit Sie sich wirklich entspannen k\u00f6nnen.&nbsp;<\/span><\/p>\n<p><span style=\"color: #000000;\"><strong>Zug\u00e4nglichkeit.<\/strong><br>Opperdoes ist mit \u00f6ffentlichen Verkehrsmitteln mit einer direkten Busverbindung von Hoorn aus leicht zu erreichen. Opperdoes ist nur 5 Autominuten von der Autobahn A7 entfernt.<\/span><\/p>\n<p><span style=\"color: #000000;\"><strong>Opperdoezer Ronde.<\/strong><\/span><br><span style=\"color: #000000;\">In einem Umkreis von 1 km um die Kirche neben dem B &amp; B wird die Opperdoezer Ronde kultiviert. Diese Kartoffel ist eine Delikatesse, die auf der Speisekarte vieler K\u00f6che steht, zum Beispiel in den Restaurants im Hafen von Medemblik.<\/span><\/p>\n<p><strong><span style=\"color: #000000;\">Weitere regionale Produkte.<\/span><\/strong><br><span style=\"color: #000000;\">In Westfriesland werden viele regionale Produkte direkt von den Feldern \u00fcber Verkaufsst\u00e4nde am Stra\u00dfenrand angeboten. Lassen Sie sich von der Vielseitigkeit unserer Region \u00fcberraschen, mit anderen Worten: Genie\u00dfen Sie es.<\/span><\/p>\n<p><\/p>\n<p><font color=\"#000000\"><b><br><\/b><\/font><\/p>\n<p><font color=\"#000000\"><b><br><\/b><\/font><\/p>\n<p><font color=\"#000000\"><b>Bedeutung:<br><\/b><\/font><span style=\"color: rgb(0, 0, 0); font-size: 15px;\">Ein Sko\u00f4tje ist ein altes westfriesisches Backprodukt von 250 Gramm, bestehend aus 10 Wei\u00dfbr\u00f6tchen, einem Br\u00f6tchen f\u00fcr besondere Anl\u00e4sse im Fr\u00fchjahr, das mit Butter und Sirup gegessen wurde. Es ist der Vorl\u00e4ufer des beliebten niederl\u00e4ndischen Wei\u00dfbrotbr\u00f6tchens.<\/span><\/p><p><span style=\"color: rgb(0, 0, 0); font-size: 15px;\">Eine andere Bedeutung eines Sko\u00f4t ist ein Seil, um das Segel eines Feldboots zu befestigen und so den Kurs zu halten. Dar\u00fcber hinaus steht ein Sko\u00f4t (Mutterleib) f\u00fcr W\u00e4rme und Sicherheit.<br><\/span><span style=\"color: rgb(0, 0, 0); font-size: 15px;\">Wir werden unser M\u00f6glichstes tun, damit der Name B &amp; B &#8216;t Sko\u00f4tje w\u00e4hrend Ihres Aufenthalts wiederkommt und die Wei\u00dfbrotbr\u00f6tchen beim Fr\u00fchst\u00fcck nicht fehlen.<\/span><\/p>\n<p><span style=\"color: #000000;\"><b>Naturschutzgebiet De Sko\u00f4t.<br><\/b><\/span><span style=\"color: #000000; font-size: 15px;\">Dieses Naturschutzgebiet und Wasserspeicher ist ein Sprungbrett im niederl\u00e4ndischen Naturnetz und Teil eines Naturgebiets zwischen dem IJsselmeer See und der Nordsee.<\/span><\/p>\n<p><span style=\"color: #000000;\">Bringen Sie Ihr Fernglas oder Ihre Kamera mit, denn es ist ein idyllisches Feuchtgebiet zwischen dem westfriesischen Ringdeich und den gartenbaulichen Feldern mit Dickicht. Ein sch\u00f6nes Gebiet f\u00fcr die Vogelbeobachtung, einschlie\u00dflich der Bekassine, des Teichrohrs\u00e4nger, der Brandgans und der Uferschnepfe.<\/span><\/p>\t\t\t\t\t\t\t\t<\/div>\n\t\t\t\t<\/div>\n\t\t\t\t\t<\/div>\n\t\t<\/div>\n\t\t\t\t\t<\/div>\n\t\t<\/section>\n\t\t\t\t<section class=\"elementor-section elementor-top-section elementor-element elementor-element-c825677 elementor-section-boxed elementor-section-height-default elementor-section-height-default\" data-id=\"c825677\" data-element_type=\"section\" data-e-type=\"section\">\n\t\t\t\t\t\t<div class=\"elementor-container elementor-column-gap-default\">\n\t\t\t\t\t<div class=\"elementor-column elementor-col-100 elementor-top-column elementor-element elementor-element-352c227\" data-id=\"352c227\" data-element_type=\"column\" data-e-type=\"column\">\n\t\t\t<div class=\"elementor-widget-wrap elementor-element-populated\">\n\t\t\t\t\t\t<div class=\"elementor-element elementor-element-a6e0718 elementor-widget elementor-widget-image-gallery\" data-id=\"a6e0718\" data-element_type=\"widget\" data-e-type=\"widget\" data-widget_type=\"image-gallery.default\">\n\t\t\t\t<div class=\"elementor-widget-container\">\n\t\t\t\t\t\t\t<div class=\"elementor-image-gallery\">\n\t\t\t\t\t<\/div>\n\t\t\t\t\t\t<\/div>\n\t\t\t\t<\/div>\n\t\t\t\t\t<\/div>\n\t\t<\/div>\n\t\t\t\t\t<\/div>\n\t\t<\/section>\n\t\t\t\t<\/div>\n\t\t","protected":false},"excerpt":{"rendered":"<p>Willkommen im B &#038; B &#8216;t Sko\u00f4tje. In unserem Bed &#038; Breakfast in Opperdoes hei\u00dfen wir Sie herzlich willkommen. Opperdoes ist ein Juwel in Westfriesland. Alles atmet die Atmosph\u00e4re dieser Region. Nostalgische Stra\u00dfen neben kleinen Kan\u00e4len, pyramidenf\u00f6rmigen Bauernh\u00f6fen und Br\u00fccken, damit Sie sich wirklich entspannen k\u00f6nnen. Das B &#038; B &#8216;t Sko\u00f4tje liegt in der N\u00e4he von Medemblik und dem IJsselmeer See. Hoorn, Enkhuizen und der Nordseestrand sind ebenfalls leicht zu erreichen. Die Opperdoezer Ronde w\u00e4chst in einem Umkreis von 1 km um die Kirche neben dem B &#038; B. Diese Kartoffel ist eine Delikatesse, die auf der Speisekarte vieler K\u00f6che steht. Unser B &#038; B in Opperdoes ist mit \u00f6ffentlichen Verkehrsmitteln leicht zu erreichen und bietet eine direkte Busverbindung von Hoorn. Opperdoes ist nur 5 Autominuten von der Autobahn A7 entfernt.<\/p>\n","protected":false},"author":1,"featured_media":637,"parent":0,"menu_order":0,"comment_status":"closed","ping_status":"closed","template":"page-templates\/template-team.php","meta":{"_monsterinsights_skip_tracking":false,"_monsterinsights_sitenote_active":false,"_monsterinsights_sitenote_note":"","_monsterinsights_sitenote_category":0,"footnotes":""},"class_list":["post-701","page","type-page","status-publish","has-post-thumbnail","hentry"],"yoast_head":"<!-- This site is optimized with the Yoast SEO plugin v27.5 - https:\/\/yoast.com\/product\/yoast-seo-wordpress\/ -->\n<title>Willkommen im B &amp; B &#039;t Sko\u00f4tje - B&amp;B &#039;t Sko\u00f4tje<\/title>\n<meta name=\"robots\" content=\"index, follow, max-snippet:-1, max-image-preview:large, max-video-preview:-1\" \/>\n<link rel=\"canonical\" href=\"https:\/\/bnbtskootje.nl\/?page_id=701&lang=de\" \/>\n<meta property=\"og:locale\" content=\"en_US\" \/>\n<meta property=\"og:type\" content=\"article\" \/>\n<meta property=\"og:title\" content=\"Willkommen im B &amp; B &#039;t Sko\u00f4tje - B&amp;B &#039;t Sko\u00f4tje\" \/>\n<meta property=\"og:description\" content=\"Willkommen im B &amp; B &#039;t Sko\u00f4tje. In unserem Bed &amp; Breakfast in Opperdoes hei\u00dfen wir Sie herzlich willkommen. Opperdoes ist ein Juwel in Westfriesland. Alles atmet die Atmosph\u00e4re dieser Region. Nostalgische Stra\u00dfen neben kleinen Kan\u00e4len, pyramidenf\u00f6rmigen Bauernh\u00f6fen und Br\u00fccken, damit Sie sich wirklich entspannen k\u00f6nnen. Das B &amp; B &#039;t Sko\u00f4tje liegt in der N\u00e4he von Medemblik und dem IJsselmeer See. Hoorn, Enkhuizen und der Nordseestrand sind ebenfalls leicht zu erreichen. Die Opperdoezer Ronde w\u00e4chst in einem Umkreis von 1 km um die Kirche neben dem B &amp; B. Diese Kartoffel ist eine Delikatesse, die auf der Speisekarte vieler K\u00f6che steht. Unser B &amp; B in Opperdoes ist mit \u00f6ffentlichen Verkehrsmitteln leicht zu erreichen und bietet eine direkte Busverbindung von Hoorn. Opperdoes ist nur 5 Autominuten von der Autobahn A7 entfernt.\" \/>\n<meta property=\"og:url\" content=\"https:\/\/bnbtskootje.nl\/?page_id=701&amp;lang=de\" \/>\n<meta property=\"og:site_name\" content=\"B&amp;B &#039;t Sko\u00f4tje\" \/>\n<meta property=\"article:modified_time\" content=\"2020-08-03T14:59:15+00:00\" \/>\n<meta property=\"og:image\" content=\"https:\/\/bnbtskootje.nl\/wp-content\/uploads\/2020\/07\/20200716_095952-2-scaled.jpg\" \/>\n\t<meta property=\"og:image:width\" content=\"2560\" \/>\n\t<meta property=\"og:image:height\" content=\"1550\" \/>\n\t<meta property=\"og:image:type\" content=\"image\/jpeg\" \/>\n<meta name=\"twitter:card\" content=\"summary_large_image\" \/>\n<meta name=\"twitter:label1\" content=\"Est. reading time\" \/>\n\t<meta name=\"twitter:data1\" content=\"2 minutes\" \/>\n<script type=\"application\/ld+json\" class=\"yoast-schema-graph\">{\"@context\":\"https:\\\/\\\/schema.org\",\"@graph\":[{\"@type\":\"WebPage\",\"@id\":\"https:\\\/\\\/bnbtskootje.nl\\\/?page_id=701&lang=de\",\"url\":\"https:\\\/\\\/bnbtskootje.nl\\\/?page_id=701&lang=de\",\"name\":\"Willkommen im B & B 't Sko\u00f4tje - B&amp;B &#039;t Sko\u00f4tje\",\"isPartOf\":{\"@id\":\"https:\\\/\\\/bnbtskootje.nl\\\/#website\"},\"primaryImageOfPage\":{\"@id\":\"https:\\\/\\\/bnbtskootje.nl\\\/?page_id=701&lang=de#primaryimage\"},\"image\":{\"@id\":\"https:\\\/\\\/bnbtskootje.nl\\\/?page_id=701&lang=de#primaryimage\"},\"thumbnailUrl\":\"https:\\\/\\\/bnbtskootje.nl\\\/wp-content\\\/uploads\\\/2020\\\/07\\\/20200716_095952-2-scaled.jpg\",\"datePublished\":\"2020-08-01T14:26:15+00:00\",\"dateModified\":\"2020-08-03T14:59:15+00:00\",\"breadcrumb\":{\"@id\":\"https:\\\/\\\/bnbtskootje.nl\\\/?page_id=701&lang=de#breadcrumb\"},\"inLanguage\":\"en-US\",\"potentialAction\":[{\"@type\":\"ReadAction\",\"target\":[\"https:\\\/\\\/bnbtskootje.nl\\\/?page_id=701&lang=de\"]}]},{\"@type\":\"ImageObject\",\"inLanguage\":\"en-US\",\"@id\":\"https:\\\/\\\/bnbtskootje.nl\\\/?page_id=701&lang=de#primaryimage\",\"url\":\"https:\\\/\\\/bnbtskootje.nl\\\/wp-content\\\/uploads\\\/2020\\\/07\\\/20200716_095952-2-scaled.jpg\",\"contentUrl\":\"https:\\\/\\\/bnbtskootje.nl\\\/wp-content\\\/uploads\\\/2020\\\/07\\\/20200716_095952-2-scaled.jpg\",\"width\":2560,\"height\":1550},{\"@type\":\"BreadcrumbList\",\"@id\":\"https:\\\/\\\/bnbtskootje.nl\\\/?page_id=701&lang=de#breadcrumb\",\"itemListElement\":[{\"@type\":\"ListItem\",\"position\":1,\"name\":\"Home\",\"item\":\"https:\\\/\\\/bnbtskootje.nl\\\/\"},{\"@type\":\"ListItem\",\"position\":2,\"name\":\"Willkommen im B &#038; B &#8218;t Sko\u00f4tje\"}]},{\"@type\":\"WebSite\",\"@id\":\"https:\\\/\\\/bnbtskootje.nl\\\/#website\",\"url\":\"https:\\\/\\\/bnbtskootje.nl\\\/\",\"name\":\"B&B 't Sko\u00f4tje\",\"description\":\"\",\"publisher\":{\"@id\":\"https:\\\/\\\/bnbtskootje.nl\\\/#organization\"},\"potentialAction\":[{\"@type\":\"SearchAction\",\"target\":{\"@type\":\"EntryPoint\",\"urlTemplate\":\"https:\\\/\\\/bnbtskootje.nl\\\/?s={search_term_string}\"},\"query-input\":{\"@type\":\"PropertyValueSpecification\",\"valueRequired\":true,\"valueName\":\"search_term_string\"}}],\"inLanguage\":\"en-US\"},{\"@type\":\"Organization\",\"@id\":\"https:\\\/\\\/bnbtskootje.nl\\\/#organization\",\"name\":\"B&B 't Sko\u00f4tje\",\"url\":\"https:\\\/\\\/bnbtskootje.nl\\\/\",\"logo\":{\"@type\":\"ImageObject\",\"inLanguage\":\"en-US\",\"@id\":\"https:\\\/\\\/bnbtskootje.nl\\\/#\\\/schema\\\/logo\\\/image\\\/\",\"url\":\"https:\\\/\\\/bnbtskootje.nl\\\/wp-content\\\/uploads\\\/2020\\\/06\\\/rsz_output-onlinepngtools-4-e1593255432260.png\",\"contentUrl\":\"https:\\\/\\\/bnbtskootje.nl\\\/wp-content\\\/uploads\\\/2020\\\/06\\\/rsz_output-onlinepngtools-4-e1593255432260.png\",\"width\":300,\"height\":90,\"caption\":\"B&B 't Sko\u00f4tje\"},\"image\":{\"@id\":\"https:\\\/\\\/bnbtskootje.nl\\\/#\\\/schema\\\/logo\\\/image\\\/\"}}]}<\/script>\n<!-- \/ Yoast SEO plugin. -->","yoast_head_json":{"title":"Willkommen im B & B 't Sko\u00f4tje - B&amp;B &#039;t Sko\u00f4tje","robots":{"index":"index","follow":"follow","max-snippet":"max-snippet:-1","max-image-preview":"max-image-preview:large","max-video-preview":"max-video-preview:-1"},"canonical":"https:\/\/bnbtskootje.nl\/?page_id=701&lang=de","og_locale":"en_US","og_type":"article","og_title":"Willkommen im B & B 't Sko\u00f4tje - B&amp;B &#039;t Sko\u00f4tje","og_description":"Willkommen im B & B 't Sko\u00f4tje. In unserem Bed & Breakfast in Opperdoes hei\u00dfen wir Sie herzlich willkommen. Opperdoes ist ein Juwel in Westfriesland. Alles atmet die Atmosph\u00e4re dieser Region. Nostalgische Stra\u00dfen neben kleinen Kan\u00e4len, pyramidenf\u00f6rmigen Bauernh\u00f6fen und Br\u00fccken, damit Sie sich wirklich entspannen k\u00f6nnen. Das B & B 't Sko\u00f4tje liegt in der N\u00e4he von Medemblik und dem IJsselmeer See. Hoorn, Enkhuizen und der Nordseestrand sind ebenfalls leicht zu erreichen. Die Opperdoezer Ronde w\u00e4chst in einem Umkreis von 1 km um die Kirche neben dem B & B. Diese Kartoffel ist eine Delikatesse, die auf der Speisekarte vieler K\u00f6che steht. Unser B & B in Opperdoes ist mit \u00f6ffentlichen Verkehrsmitteln leicht zu erreichen und bietet eine direkte Busverbindung von Hoorn. Opperdoes ist nur 5 Autominuten von der Autobahn A7 entfernt.","og_url":"https:\/\/bnbtskootje.nl\/?page_id=701&lang=de","og_site_name":"B&amp;B &#039;t Sko\u00f4tje","article_modified_time":"2020-08-03T14:59:15+00:00","og_image":[{"width":2560,"height":1550,"url":"https:\/\/bnbtskootje.nl\/wp-content\/uploads\/2020\/07\/20200716_095952-2-scaled.jpg","type":"image\/jpeg"}],"twitter_card":"summary_large_image","twitter_misc":{"Est. reading time":"2 minutes"},"schema":{"@context":"https:\/\/schema.org","@graph":[{"@type":"WebPage","@id":"https:\/\/bnbtskootje.nl\/?page_id=701&lang=de","url":"https:\/\/bnbtskootje.nl\/?page_id=701&lang=de","name":"Willkommen im B & B 't Sko\u00f4tje - B&amp;B &#039;t Sko\u00f4tje","isPartOf":{"@id":"https:\/\/bnbtskootje.nl\/#website"},"primaryImageOfPage":{"@id":"https:\/\/bnbtskootje.nl\/?page_id=701&lang=de#primaryimage"},"image":{"@id":"https:\/\/bnbtskootje.nl\/?page_id=701&lang=de#primaryimage"},"thumbnailUrl":"https:\/\/bnbtskootje.nl\/wp-content\/uploads\/2020\/07\/20200716_095952-2-scaled.jpg","datePublished":"2020-08-01T14:26:15+00:00","dateModified":"2020-08-03T14:59:15+00:00","breadcrumb":{"@id":"https:\/\/bnbtskootje.nl\/?page_id=701&lang=de#breadcrumb"},"inLanguage":"en-US","potentialAction":[{"@type":"ReadAction","target":["https:\/\/bnbtskootje.nl\/?page_id=701&lang=de"]}]},{"@type":"ImageObject","inLanguage":"en-US","@id":"https:\/\/bnbtskootje.nl\/?page_id=701&lang=de#primaryimage","url":"https:\/\/bnbtskootje.nl\/wp-content\/uploads\/2020\/07\/20200716_095952-2-scaled.jpg","contentUrl":"https:\/\/bnbtskootje.nl\/wp-content\/uploads\/2020\/07\/20200716_095952-2-scaled.jpg","width":2560,"height":1550},{"@type":"BreadcrumbList","@id":"https:\/\/bnbtskootje.nl\/?page_id=701&lang=de#breadcrumb","itemListElement":[{"@type":"ListItem","position":1,"name":"Home","item":"https:\/\/bnbtskootje.nl\/"},{"@type":"ListItem","position":2,"name":"Willkommen im B &#038; B &#8218;t Sko\u00f4tje"}]},{"@type":"WebSite","@id":"https:\/\/bnbtskootje.nl\/#website","url":"https:\/\/bnbtskootje.nl\/","name":"B&B 't Sko\u00f4tje","description":"","publisher":{"@id":"https:\/\/bnbtskootje.nl\/#organization"},"potentialAction":[{"@type":"SearchAction","target":{"@type":"EntryPoint","urlTemplate":"https:\/\/bnbtskootje.nl\/?s={search_term_string}"},"query-input":{"@type":"PropertyValueSpecification","valueRequired":true,"valueName":"search_term_string"}}],"inLanguage":"en-US"},{"@type":"Organization","@id":"https:\/\/bnbtskootje.nl\/#organization","name":"B&B 't Sko\u00f4tje","url":"https:\/\/bnbtskootje.nl\/","logo":{"@type":"ImageObject","inLanguage":"en-US","@id":"https:\/\/bnbtskootje.nl\/#\/schema\/logo\/image\/","url":"https:\/\/bnbtskootje.nl\/wp-content\/uploads\/2020\/06\/rsz_output-onlinepngtools-4-e1593255432260.png","contentUrl":"https:\/\/bnbtskootje.nl\/wp-content\/uploads\/2020\/06\/rsz_output-onlinepngtools-4-e1593255432260.png","width":300,"height":90,"caption":"B&B 't Sko\u00f4tje"},"image":{"@id":"https:\/\/bnbtskootje.nl\/#\/schema\/logo\/image\/"}}]}},"_links":{"self":[{"href":"https:\/\/bnbtskootje.nl\/index.php?rest_route=\/wp\/v2\/pages\/701","targetHints":{"allow":["GET"]}}],"collection":[{"href":"https:\/\/bnbtskootje.nl\/index.php?rest_route=\/wp\/v2\/pages"}],"about":[{"href":"https:\/\/bnbtskootje.nl\/index.php?rest_route=\/wp\/v2\/types\/page"}],"author":[{"embeddable":true,"href":"https:\/\/bnbtskootje.nl\/index.php?rest_route=\/wp\/v2\/users\/1"}],"replies":[{"embeddable":true,"href":"https:\/\/bnbtskootje.nl\/index.php?rest_route=%2Fwp%2Fv2%2Fcomments&post=701"}],"version-history":[{"count":8,"href":"https:\/\/bnbtskootje.nl\/index.php?rest_route=\/wp\/v2\/pages\/701\/revisions"}],"predecessor-version":[{"id":839,"href":"https:\/\/bnbtskootje.nl\/index.php?rest_route=\/wp\/v2\/pages\/701\/revisions\/839"}],"wp:featuredmedia":[{"embeddable":true,"href":"https:\/\/bnbtskootje.nl\/index.php?rest_route=\/wp\/v2\/media\/637"}],"wp:attachment":[{"href":"https:\/\/bnbtskootje.nl\/index.php?rest_route=%2Fwp%2Fv2%2Fmedia&parent=701"}],"curies":[{"name":"wp","href":"https:\/\/api.w.org\/{rel}","templated":true}]}}